{"id":592,"date":"2024-08-22T13:47:03","date_gmt":"2024-08-22T11:47:03","guid":{"rendered":"https:\/\/webnakluc.inuel.sk\/?page_id=592"},"modified":"2024-08-22T15:57:17","modified_gmt":"2024-08-22T13:57:17","slug":"592-2","status":"publish","type":"page","link":"https:\/\/webnakluc.inuel.sk\/index.php\/592-2\/","title":{"rendered":"Landing elem"},"content":{"rendered":"<style>\/*! elementor - v3.23.0 - 05-08-2024 *\/\n.elementor-heading-title{padding:0;margin:0;line-height:1}.elementor-widget-heading .elementor-heading-title[class*=elementor-size-]>a{color:inherit;font-size:inherit;line-height:inherit}.elementor-widget-heading .elementor-heading-title.elementor-size-small{font-size:15px}.elementor-widget-heading .elementor-heading-title.elementor-size-medium{font-size:19px}.elementor-widget-heading .elementor-heading-title.elementor-size-large{font-size:29px}.elementor-widget-heading .elementor-heading-title.elementor-size-xl{font-size:39px}.elementor-widget-heading .elementor-heading-title.elementor-size-xxl{font-size:59px}<\/style>\n<h1>Web na k\u013e\u00fa\u010d<\/h1>\n<p>\t\t<a href=\"https:\/\/webnakluc.inuel.sk\/index.php\/projekt\/389\/\"  style=\"background-image: url(https:\/\/webnakluc.inuel.sk\/wp-content\/uploads\/2024\/07\/chinese-restaurant-22.jpg)\" title=\"\u010cajn\u00edz f\u00fad\"><img decoding=\"async\" src=\"https:\/\/webnakluc.inuel.sk\/wp-content\/uploads\/2024\/07\/chinese-restaurant-22.jpg\" title=\"\u010cajn\u00edz f\u00fad\" alt=\"\u010cajn\u00edz f\u00fad\"\/>\u010cajn\u00edz f\u00fad<\/a><a href=\"https:\/\/webnakluc.inuel.sk\/index.php\/projekt\/372\/\"  style=\"background-image: url(https:\/\/webnakluc.inuel.sk\/wp-content\/uploads\/2024\/07\/ramen-shop-5.jpg)\" title=\"Ichi Ramen House\"><img decoding=\"async\" src=\"https:\/\/webnakluc.inuel.sk\/wp-content\/uploads\/2024\/07\/ramen-shop-5.jpg\" title=\"Ichi Ramen House\" alt=\"Ichi Ramen House\"\/>Ichi Ramen House<\/a><a href=\"https:\/\/webnakluc.inuel.sk\/index.php\/projekt\/342\/\"  style=\"background-image: url(https:\/\/webnakluc.inuel.sk\/wp-content\/uploads\/2024\/07\/poke-restaurant-49.jpg)\" title=\"Wiki Poke Bowls\"><img decoding=\"async\" src=\"https:\/\/webnakluc.inuel.sk\/wp-content\/uploads\/2024\/07\/poke-restaurant-49.jpg\" title=\"Wiki Poke Bowls\" alt=\"Wiki Poke Bowls\"\/>Wiki Poke Bowls<\/a><a href=\"https:\/\/webnakluc.inuel.sk\/index.php\/projekt\/326\/\"  style=\"background-image: url(https:\/\/webnakluc.inuel.sk\/wp-content\/uploads\/2024\/07\/Bagel-Shop-5.jpg)\" title=\"Nivy Bagels\"><img decoding=\"async\" src=\"https:\/\/webnakluc.inuel.sk\/wp-content\/uploads\/2024\/07\/Bagel-Shop-5.jpg\" title=\"Nivy Bagels\" alt=\"Nivy Bagels\"\/>Nivy Bagels<\/a><a href=\"https:\/\/webnakluc.inuel.sk\/index.php\/projekt\/315\/\"  style=\"background-image: url(https:\/\/webnakluc.inuel.sk\/wp-content\/uploads\/2024\/07\/cafe-50.jpg)\" title=\"Divi Caffee Shop\"><img decoding=\"async\" src=\"https:\/\/webnakluc.inuel.sk\/wp-content\/uploads\/2024\/07\/cafe-50.jpg\" title=\"Divi Caffee Shop\" alt=\"Divi Caffee Shop\"\/>Divi Caffee Shop<\/a><a href=\"https:\/\/webnakluc.inuel.sk\/index.php\/projekt\/294\/\"  style=\"background-image: url(https:\/\/webnakluc.inuel.sk\/wp-content\/uploads\/2024\/07\/acai-bowl-09.jpg)\" title=\"Yogurt misky\"><img decoding=\"async\" src=\"https:\/\/webnakluc.inuel.sk\/wp-content\/uploads\/2024\/07\/acai-bowl-09.jpg\" title=\"Yogurt misky\" alt=\"Yogurt misky\"\/>Yogurt misky<\/a><a href=\"https:\/\/webnakluc.inuel.sk\/index.php\/projekt\/271\/\"  style=\"background-image: url(https:\/\/webnakluc.inuel.sk\/wp-content\/uploads\/2024\/07\/pizzeria_68.jpg)\" title=\"Artisan pizzeria\"><img decoding=\"async\" src=\"https:\/\/webnakluc.inuel.sk\/wp-content\/uploads\/2024\/07\/pizzeria_68.jpg\" title=\"Artisan pizzeria\" alt=\"Artisan pizzeria\"\/>Artisan pizzeria<\/a><a href=\"https:\/\/webnakluc.inuel.sk\/index.php\/projekt\/257\/\"  style=\"background-image: url(https:\/\/webnakluc.inuel.sk\/wp-content\/uploads\/2024\/07\/pasta_06.jpg)\" title=\"Nivy Pasta\"><img decoding=\"async\" src=\"https:\/\/webnakluc.inuel.sk\/wp-content\/uploads\/2024\/07\/pasta_06.jpg\" title=\"Nivy Pasta\" alt=\"Nivy Pasta\"\/>Nivy Pasta<\/a><a href=\"https:\/\/webnakluc.inuel.sk\/index.php\/projekt\/233\/\"  style=\"background-image: url(https:\/\/webnakluc.inuel.sk\/wp-content\/uploads\/2024\/07\/bistro-10.jpg)\" title=\"Nivy Bistro\"><img decoding=\"async\" src=\"https:\/\/webnakluc.inuel.sk\/wp-content\/uploads\/2024\/07\/bistro-10.jpg\" title=\"Nivy Bistro\" alt=\"Nivy Bistro\"\/>Nivy Bistro<\/a><a href=\"https:\/\/webnakluc.inuel.sk\/index.php\/projekt\/222\/\"  style=\"background-image: url(https:\/\/webnakluc.inuel.sk\/wp-content\/uploads\/2024\/07\/bar-05.jpg)\" title=\"Koktailov\u00fd Bar &#038; Re\u0161taur\u00e1cia\"><img decoding=\"async\" src=\"https:\/\/webnakluc.inuel.sk\/wp-content\/uploads\/2024\/07\/bar-05.jpg\" title=\"Koktailov\u00fd Bar &#038; Re\u0161taur\u00e1cia\" alt=\"Koktailov\u00fd Bar &#038; Re\u0161taur\u00e1cia\"\/>Koktailov\u00fd Bar &#038; Re\u0161taur\u00e1cia<\/a><a href=\"https:\/\/webnakluc.inuel.sk\/index.php\/projekt\/206\/\"  style=\"background-image: url(https:\/\/webnakluc.inuel.sk\/wp-content\/uploads\/2024\/07\/donut-46.jpg)\" title=\"Extra Donut\"><img decoding=\"async\" src=\"https:\/\/webnakluc.inuel.sk\/wp-content\/uploads\/2024\/07\/donut-46.jpg\" title=\"Extra Donut\" alt=\"Extra Donut\"\/>Extra Donut<\/a><a href=\"https:\/\/webnakluc.inuel.sk\/index.php\/projekt\/170\/\"  style=\"background-image: url(https:\/\/webnakluc.inuel.sk\/wp-content\/uploads\/2024\/07\/candy-shop-25.png)\" title=\"Cukrovinky z Rovinky\"><img decoding=\"async\" src=\"https:\/\/webnakluc.inuel.sk\/wp-content\/uploads\/2024\/07\/candy-shop-25.png\" title=\"Cukrovinky z Rovinky\" alt=\"Cukrovinky z Rovinky\"\/>Cukrovinky z Rovinky<\/a><a href=\"https:\/\/webnakluc.inuel.sk\/index.php\/projekt\/150\/\"  style=\"background-image: url(https:\/\/webnakluc.inuel.sk\/wp-content\/uploads\/2024\/07\/header-bg-1.jpg)\" title=\"Kaviare\u0148 Betka\"><img decoding=\"async\" src=\"https:\/\/webnakluc.inuel.sk\/wp-content\/uploads\/2024\/07\/header-bg-1.jpg\" title=\"Kaviare\u0148 Betka\" alt=\"Kaviare\u0148 Betka\"\/>Kaviare\u0148 Betka<\/a><a href=\"https:\/\/webnakluc.inuel.sk\/index.php\/projekt\/132\/\"  style=\"background-image: url(https:\/\/webnakluc.inuel.sk\/wp-content\/uploads\/2024\/07\/restaurant-hero-02.jpg)\" title=\"Re\u0161taur\u00e1cia Royal\"><img decoding=\"async\" src=\"https:\/\/webnakluc.inuel.sk\/wp-content\/uploads\/2024\/07\/restaurant-hero-02.jpg\" title=\"Re\u0161taur\u00e1cia Royal\" alt=\"Re\u0161taur\u00e1cia Royal\"\/>Re\u0161taur\u00e1cia Royal<\/a><\/p>\n<style id=\"eael-fg-inline-css-bed5219\">@media only screen and (max-width: 2399px) {\n\t\t\t\t\t.elementor-element.elementor-element-bed5219 .eael-filterable-gallery-item-wrap {\n\t\t\t\t\t        width: 25%;\n\t\t\t\t\t    }\n\t\t\t\t\t}@media only screen and (max-width: 1024px) {\n\t\t\t\t\t.elementor-element.elementor-element-bed5219  .eael-filterable-gallery-item-wrap {\n\t\t\t\t\t        width: 50%;\n\t\t\t\t\t    }\n\t\t\t\t\t}@media only screen and (max-width: 767px) {\n\t\t\t\t\t.elementor-element.elementor-element-bed5219  .eael-filterable-gallery-item-wrap {\n\t\t\t\t\t        width: 100%;\n\t\t\t\t\t    }\n\t\t\t\t\t}<\/style>\n<ul>\n<li data-load-more-status=\"0\" data-first-init=\"1\" data-filter=\"*\">All<\/li>\n<li  data-load-more-status=\"0\" data-first-init=\"0\"\n                        data-filter=\".eael-cf-gallery-item\">Gallery Item<\/li>\n<\/ul>\n<p>\t\t\t\t<img decoding=\"async\" src=\"https:\/\/webnakluc.inuel.sk\/wp-content\/plugins\/essential-addons-for-elementor-lite\/\/assets\/front-end\/img\/flexia-preview.jpg\" alt=\"\"><\/p>\n<h5>Gallery Item Name<\/h5>\n<p>Lorem ipsum dolor sit amet, consectetur adipisicing elit. Quidem, provident.<\/p>\n<p>                <a href=\"#\"> <\/a><br \/>\n\t\t\t\t<img decoding=\"async\" src=\"https:\/\/webnakluc.inuel.sk\/wp-content\/plugins\/essential-addons-for-elementor-lite\/\/assets\/front-end\/img\/flexia-preview.jpg\" alt=\"\"><\/p>\n<h5>Gallery Item Name<\/h5>\n<p>Lorem ipsum dolor sit amet, consectetur adipisicing elit. Quidem, provident.<\/p>\n<p><a href=\"https:\/\/webnakluc.inuel.sk\/wp-content\/plugins\/essential-addons-for-elementor-lite\/\/assets\/front-end\/img\/flexia-preview.jpg\" data-elementor-open-lightbox=\"yes\" title=\"\"><br \/>\n            <\/a>                <a href=\"#\"> <\/a><br \/>\n\t\t\t\t<img decoding=\"async\" src=\"https:\/\/webnakluc.inuel.sk\/wp-content\/plugins\/essential-addons-for-elementor-lite\/\/assets\/front-end\/img\/flexia-preview.jpg\" alt=\"\"><\/p>\n<h5>Gallery Item Name<\/h5>\n<p>Lorem ipsum dolor sit amet, consectetur adipisicing elit. Quidem, provident.<\/p>\n<p><a href=\"https:\/\/webnakluc.inuel.sk\/wp-content\/plugins\/essential-addons-for-elementor-lite\/\/assets\/front-end\/img\/flexia-preview.jpg\" data-elementor-open-lightbox=\"yes\" title=\"\"><br \/>\n            <\/a>                <a href=\"#\"> <\/a><br \/>\n\t\t\t\t<img decoding=\"async\" src=\"https:\/\/webnakluc.inuel.sk\/wp-content\/plugins\/essential-addons-for-elementor-lite\/\/assets\/front-end\/img\/flexia-preview.jpg\" alt=\"\"><\/p>\n<h5>Gallery Item Name<\/h5>\n<p>Lorem ipsum dolor sit amet, consectetur adipisicing elit. Quidem, provident.<\/p>\n<p><a href=\"https:\/\/webnakluc.inuel.sk\/wp-content\/plugins\/essential-addons-for-elementor-lite\/\/assets\/front-end\/img\/flexia-preview.jpg\" data-elementor-open-lightbox=\"yes\" title=\"\"><br \/>\n            <\/a>                <a href=\"#\"> <\/a><br \/>\n\t\t\t\t<img decoding=\"async\" src=\"https:\/\/webnakluc.inuel.sk\/wp-content\/plugins\/essential-addons-for-elementor-lite\/\/assets\/front-end\/img\/flexia-preview.jpg\" alt=\"\"><\/p>\n<h5>Gallery Item Name<\/h5>\n<p>Lorem ipsum dolor sit amet, consectetur adipisicing elit. Quidem, provident.<\/p>\n<p><a href=\"https:\/\/webnakluc.inuel.sk\/wp-content\/plugins\/essential-addons-for-elementor-lite\/\/assets\/front-end\/img\/flexia-preview.jpg\" data-elementor-open-lightbox=\"yes\" title=\"\"><br \/>\n            <\/a>                <a href=\"#\"> <\/a><br \/>\n\t\t\t\t<img decoding=\"async\" src=\"https:\/\/webnakluc.inuel.sk\/wp-content\/plugins\/essential-addons-for-elementor-lite\/\/assets\/front-end\/img\/flexia-preview.jpg\" alt=\"\"><\/p>\n<h5>Gallery Item Name<\/h5>\n<p>Lorem ipsum dolor sit amet, consectetur adipisicing elit. Quidem, provident.<\/p>\n<p><a href=\"https:\/\/webnakluc.inuel.sk\/wp-content\/plugins\/essential-addons-for-elementor-lite\/\/assets\/front-end\/img\/flexia-preview.jpg\" data-elementor-open-lightbox=\"yes\" title=\"\"><br \/>\n            <\/a>                <a href=\"#\"> <\/a>            <\/p>\n<ul>\n<li>\n\t\t\t\t\t\t<a href=\"javascript:;\" data-filter=\"*\"><br \/>\n\t\t\t\t\t\t\tAll\t\t\t\t\t\t<\/a>\n\t\t\t\t\t<\/li>\n<li>\n\t\t\t\t\t\t\t<a href=\"javascript:;\" data-filter=\".category-1\"><br \/>\n\t\t\t\t\t\t\t\tCategory 1\t\t\t\t\t\t\t<\/a>\n\t\t\t\t\t\t<\/li>\n<li>\n\t\t\t\t\t\t\t<a href=\"javascript:;\" data-filter=\".category-2\"><br \/>\n\t\t\t\t\t\t\t\tCategory 2\t\t\t\t\t\t\t<\/a>\n\t\t\t\t\t\t<\/li>\n<\/ul>\n<p>\t\t\t\t\t\t\t\t<img decoding=\"async\" src=\"https:\/\/webnakluc.inuel.sk\/wp-content\/plugins\/elementor\/assets\/images\/placeholder.png\" title=\"\" alt=\"\" loading=\"lazy\" \/><br \/>\n\t\t\t\t\t<a href=\"https:\/\/webnakluc.inuel.sk\/wp-content\/plugins\/elementor\/assets\/images\/placeholder.png\" data-rel=\"prettyPhoto[premium-grid-23c5972]\"><br \/>\n\t\t\t\t\t\t\t<svg aria-hidden=\"true\" viewBox=\"0 0 512 512\" xmlns=\"http:\/\/www.w3.org\/2000\/svg\"><path d=\"M505 442.7L405.3 343c-4.5-4.5-10.6-7-17-7H372c27.6-35.3 44-79.7 44-128C416 93.1 322.9 0 208 0S0 93.1 0 208s93.1 208 208 208c48.3 0 92.7-16.4 128-44v16.3c0 6.4 2.5 12.5 7 17l99.7 99.7c9.4 9.4 24.6 9.4 33.9 0l28.3-28.3c9.4-9.4 9.4-24.6.1-34zM208 336c-70.7 0-128-57.2-128-128 0-70.7 57.2-128 128-128 70.7 0 128 57.2 128 128 0 70.7-57.2 128-128 128z\"><\/path><\/svg><br \/>\n\t\t\t\t\t<\/a><br \/>\n\t\t\t\t\t\t\t\t\tImage #1<br \/>\n\t\t\t\t\t\t\t\t<img decoding=\"async\" src=\"https:\/\/webnakluc.inuel.sk\/wp-content\/plugins\/elementor\/assets\/images\/placeholder.png\" title=\"\" alt=\"\" loading=\"lazy\" \/><br \/>\n\t\t\t\t\t<a href=\"https:\/\/webnakluc.inuel.sk\/wp-content\/plugins\/elementor\/assets\/images\/placeholder.png\" data-rel=\"prettyPhoto[premium-grid-23c5972]\"><br \/>\n\t\t\t\t\t\t\t<svg aria-hidden=\"true\" viewBox=\"0 0 512 512\" xmlns=\"http:\/\/www.w3.org\/2000\/svg\"><path d=\"M505 442.7L405.3 343c-4.5-4.5-10.6-7-17-7H372c27.6-35.3 44-79.7 44-128C416 93.1 322.9 0 208 0S0 93.1 0 208s93.1 208 208 208c48.3 0 92.7-16.4 128-44v16.3c0 6.4 2.5 12.5 7 17l99.7 99.7c9.4 9.4 24.6 9.4 33.9 0l28.3-28.3c9.4-9.4 9.4-24.6.1-34zM208 336c-70.7 0-128-57.2-128-128 0-70.7 57.2-128 128-128 70.7 0 128 57.2 128 128 0 70.7-57.2 128-128 128z\"><\/path><\/svg><br \/>\n\t\t\t\t\t<\/a><br \/>\n\t\t\t\t\t\t\t\t\tImage #2<\/p>\n","protected":false},"excerpt":{"rendered":"<p>Web na k\u013e\u00fa\u010d \u010cajn\u00edz f\u00fadIchi Ramen HouseWiki Poke BowlsNivy BagelsDivi Caffee ShopYogurt miskyArtisan pizzeriaNivy PastaNivy BistroKoktailov\u00fd Bar &#038; Re\u0161taur\u00e1ciaExtra DonutCukrovinky z RovinkyKaviare\u0148 BetkaRe\u0161taur\u00e1cia Royal AllGallery Item Gallery Item NameLorem ipsum dolor sit amet, consectetur adipisicing elit. Quidem, provident. Gallery Item NameLorem ipsum dolor sit amet, consectetur adipisicing elit. Quidem, provident. Gallery Item NameLorem ipsum dolor [&hellip;]<\/p>\n","protected":false},"author":1,"featured_media":0,"parent":0,"menu_order":0,"comment_status":"closed","ping_status":"closed","template":"","meta":{"_et_pb_use_builder":"on","_et_pb_old_content":"","_et_gb_content_width":"","footnotes":""},"class_list":["post-592","page","type-page","status-publish","hentry"],"_links":{"self":[{"href":"https:\/\/webnakluc.inuel.sk\/index.php\/wp-json\/wp\/v2\/pages\/592","targetHints":{"allow":["GET"]}}],"collection":[{"href":"https:\/\/webnakluc.inuel.sk\/index.php\/wp-json\/wp\/v2\/pages"}],"about":[{"href":"https:\/\/webnakluc.inuel.sk\/index.php\/wp-json\/wp\/v2\/types\/page"}],"author":[{"embeddable":true,"href":"https:\/\/webnakluc.inuel.sk\/index.php\/wp-json\/wp\/v2\/users\/1"}],"replies":[{"embeddable":true,"href":"https:\/\/webnakluc.inuel.sk\/index.php\/wp-json\/wp\/v2\/comments?post=592"}],"version-history":[{"count":13,"href":"https:\/\/webnakluc.inuel.sk\/index.php\/wp-json\/wp\/v2\/pages\/592\/revisions"}],"predecessor-version":[{"id":622,"href":"https:\/\/webnakluc.inuel.sk\/index.php\/wp-json\/wp\/v2\/pages\/592\/revisions\/622"}],"wp:attachment":[{"href":"https:\/\/webnakluc.inuel.sk\/index.php\/wp-json\/wp\/v2\/media?parent=592"}],"curies":[{"name":"wp","href":"https:\/\/api.w.org\/{rel}","templated":true}]}}