{"id":111,"date":"2024-07-25T14:51:47","date_gmt":"2024-07-25T12:51:47","guid":{"rendered":"https:\/\/webnakluc.inuel.sk\/?page_id=111"},"modified":"2024-07-25T16:54:03","modified_gmt":"2024-07-25T14:54:03","slug":"elementor-111","status":"publish","type":"page","link":"https:\/\/webnakluc.inuel.sk\/index.php\/elementor-111\/","title":{"rendered":"Elementor #111"},"content":{"rendered":"<p>[et_pb_section admin_label=&#8220;section&#8220;]<br \/>\n\t\t\t[et_pb_row admin_label=&#8220;row&#8220;]<br \/>\n\t\t\t\t[et_pb_column type=&#8220;4_4&#8243;][et_pb_text admin_label=&#8220;Text&#8220;]<\/p>\n<style>\/*! elementor - v3.23.0 - 23-07-2024 *\/\n.elementor-heading-title{padding:0;margin:0;line-height:1}.elementor-widget-heading .elementor-heading-title[class*=elementor-size-]>a{color:inherit;font-size:inherit;line-height:inherit}.elementor-widget-heading .elementor-heading-title.elementor-size-small{font-size:15px}.elementor-widget-heading .elementor-heading-title.elementor-size-medium{font-size:19px}.elementor-widget-heading .elementor-heading-title.elementor-size-large{font-size:29px}.elementor-widget-heading .elementor-heading-title.elementor-size-xl{font-size:39px}.elementor-widget-heading .elementor-heading-title.elementor-size-xxl{font-size:59px}<\/style>\n<h1>Web na k\u013e\u00fa\u010d<\/h1>\n<p>Naprogramujeme V\u00e1m web ako z Lega<\/p>\n<p>Potrebujete modern\u00fa a funk\u010dn\u00fa webov\u00fa str\u00e1nku, ale nem\u00e1te \u010das ani znalosti na jej tvorbu? \u017diaden strach! Web na k\u013e\u00fa\u010d je tu pre v\u00e1s! Pon\u00fakame komplexn\u00e9 slu\u017eby v oblasti tvorby webov\u00fdch str\u00e1nok, od n\u00e1vrhu a dizajnu a\u017e po samotn\u00e9 naprogramovanie.<\/p>\n<h2>Pre\u010do si vybra\u0165 web na k\u013e\u00fa\u010d<\/h2>\n<link rel=\"stylesheet\" href=\"https:\/\/webnakluc.inuel.sk\/wp-content\/plugins\/elementor\/assets\/css\/widget-icon-box.min.css\">\n\t\t\t\t<svg aria-hidden=\"true\" viewBox=\"0 0 576 512\" xmlns=\"http:\/\/www.w3.org\/2000\/svg\"><path d=\"M259.3 17.8L194 150.2 47.9 171.5c-26.2 3.8-36.7 36.1-17.7 54.6l105.7 103-25 145.5c-4.5 26.3 23.2 46 46.4 33.7L288 439.6l130.7 68.7c23.2 12.2 50.9-7.4 46.4-33.7l-25-145.5 105.7-103c19-18.5 8.5-50.8-17.7-54.6L382 150.2 316.7 17.8c-11.7-23.6-45.6-23.9-57.4 0z\"><\/path><\/svg>\t\t\t\t<\/p>\n<h3>\n\t\t\t\t\t\t\tU\u0161etren\u00fd \u010das<br \/>\n\t\t\t\t\t<\/h3>\n<p>\n\t\t\t\t\t\tZ\u00e1kazn\u00edk nemus\u00ed str\u00e1ca\u0165 \u010das \u0161t\u00fadiom technick\u00fdch detailov, v\u00fdberom jednotliv\u00fdch komponentov ani programovan\u00edm. V\u0161etko je zjednodu\u0161en\u00e9 na minimum.\t\t\t\t\t<\/p>\n<p>\t\t\t\t<svg aria-hidden=\"true\" viewBox=\"0 0 576 512\" xmlns=\"http:\/\/www.w3.org\/2000\/svg\"><path d=\"M259.3 17.8L194 150.2 47.9 171.5c-26.2 3.8-36.7 36.1-17.7 54.6l105.7 103-25 145.5c-4.5 26.3 23.2 46 46.4 33.7L288 439.6l130.7 68.7c23.2 12.2 50.9-7.4 46.4-33.7l-25-145.5 105.7-103c19-18.5 8.5-50.8-17.7-54.6L382 150.2 316.7 17.8c-11.7-23.6-45.6-23.9-57.4 0z\"><\/path><\/svg>\t\t\t\t<\/p>\n<h3>\n\t\t\t\t\t\t\tKompletn\u00e9 rie\u0161enie<br \/>\n\t\t\t\t\t<\/h3>\n<p>\n\t\t\t\t\t\tOd n\u00e1vrhu grafiky a\u017e po samotn\u00e9 spustenie str\u00e1nky \u2013 v\u0161etko je zahrnut\u00e9 v jednej slu\u017ebe. Z\u00e1kazn\u00edk dostane hotov\u00fd produkt, pripraven\u00fd na pou\u017eitie.\t\t\t\t\t<\/p>\n<p>\t\t\t\t<svg aria-hidden=\"true\" viewBox=\"0 0 576 512\" xmlns=\"http:\/\/www.w3.org\/2000\/svg\"><path d=\"M259.3 17.8L194 150.2 47.9 171.5c-26.2 3.8-36.7 36.1-17.7 54.6l105.7 103-25 145.5c-4.5 26.3 23.2 46 46.4 33.7L288 439.6l130.7 68.7c23.2 12.2 50.9-7.4 46.4-33.7l-25-145.5 105.7-103c19-18.5 8.5-50.8-17.7-54.6L382 150.2 316.7 17.8c-11.7-23.6-45.6-23.9-57.4 0z\"><\/path><\/svg>\t\t\t\t<\/p>\n<h3>\n\t\t\t\t\t\t\tProfesion\u00e1lny v\u00fdsledok<br \/>\n\t\t\t\t\t<\/h3>\n<p>\n\t\t\t\t\t\tT\u00edm odborn\u00edkov zabezpe\u010d\u00ed, aby str\u00e1nka vyzerala moderne, bola funk\u010dn\u00e1 a optimalizovan\u00e1 pre vyh\u013ead\u00e1va\u010de.\t\t\t\t\t<\/p>\n<p>\t\t\t\t<svg aria-hidden=\"true\" viewBox=\"0 0 576 512\" xmlns=\"http:\/\/www.w3.org\/2000\/svg\"><path d=\"M259.3 17.8L194 150.2 47.9 171.5c-26.2 3.8-36.7 36.1-17.7 54.6l105.7 103-25 145.5c-4.5 26.3 23.2 46 46.4 33.7L288 439.6l130.7 68.7c23.2 12.2 50.9-7.4 46.4-33.7l-25-145.5 105.7-103c19-18.5 8.5-50.8-17.7-54.6L382 150.2 316.7 17.8c-11.7-23.6-45.6-23.9-57.4 0z\"><\/path><\/svg>\t\t\t\t<\/p>\n<h3>\n\t\t\t\t\t\t\tZn\u00ed\u017eenie rizika<br \/>\n\t\t\t\t\t<\/h3>\n<p>\n\t\t\t\t\t\tOdpad\u00e1 staros\u0165 o to, \u010di bude str\u00e1nka fungova\u0165 spr\u00e1vne alebo \u010di sp\u013a\u0148a v\u0161etky potrebn\u00e9 technick\u00e9 \u0161tandardy.\t\t\t\t\t<\/p>\n<p>\t\t\t\t<svg aria-hidden=\"true\" viewBox=\"0 0 576 512\" xmlns=\"http:\/\/www.w3.org\/2000\/svg\"><path d=\"M259.3 17.8L194 150.2 47.9 171.5c-26.2 3.8-36.7 36.1-17.7 54.6l105.7 103-25 145.5c-4.5 26.3 23.2 46 46.4 33.7L288 439.6l130.7 68.7c23.2 12.2 50.9-7.4 46.4-33.7l-25-145.5 105.7-103c19-18.5 8.5-50.8-17.7-54.6L382 150.2 316.7 17.8c-11.7-23.6-45.6-23.9-57.4 0z\"><\/path><\/svg>\t\t\t\t<\/p>\n<h3>\n\t\t\t\t\t\t\tPersonalizovan\u00fd pr\u00edstup<br \/>\n\t\t\t\t\t<\/h3>\n<p>\n\t\t\t\t\t\tKa\u017ed\u00e1 str\u00e1nka je vytv\u00e1ran\u00e1 na mieru, pod\u013ea konkr\u00e9tnych po\u017eiadaviek z\u00e1kazn\u00edka.\t\t\t\t\t<\/p>\n<p>\t\t\t\t<svg aria-hidden=\"true\" viewBox=\"0 0 576 512\" xmlns=\"http:\/\/www.w3.org\/2000\/svg\"><path d=\"M259.3 17.8L194 150.2 47.9 171.5c-26.2 3.8-36.7 36.1-17.7 54.6l105.7 103-25 145.5c-4.5 26.3 23.2 46 46.4 33.7L288 439.6l130.7 68.7c23.2 12.2 50.9-7.4 46.4-33.7l-25-145.5 105.7-103c19-18.5 8.5-50.8-17.7-54.6L382 150.2 316.7 17.8c-11.7-23.6-45.6-23.9-57.4 0z\"><\/path><\/svg>\t\t\t\t<\/p>\n<h3>\n\t\t\t\t\t\t\tJednoduch\u00e1 \u00fadr\u017eba<br \/>\n\t\t\t\t\t<\/h3>\n<p>\n\t\t\t\t\t\tPo spusten\u00ed str\u00e1nky je zabezpe\u010den\u00e1 aj jej n\u00e1sledn\u00e1 \u00fadr\u017eba a aktualiz\u00e1cia.\t\t\t\t\t<\/p>\n<p>\t\t\t\t<svg aria-hidden=\"true\" viewBox=\"0 0 576 512\" xmlns=\"http:\/\/www.w3.org\/2000\/svg\"><path d=\"M259.3 17.8L194 150.2 47.9 171.5c-26.2 3.8-36.7 36.1-17.7 54.6l105.7 103-25 145.5c-4.5 26.3 23.2 46 46.4 33.7L288 439.6l130.7 68.7c23.2 12.2 50.9-7.4 46.4-33.7l-25-145.5 105.7-103c19-18.5 8.5-50.8-17.7-54.6L382 150.2 316.7 17.8c-11.7-23.6-45.6-23.9-57.4 0z\"><\/path><\/svg>\t\t\t\t<\/p>\n<h3>\n\t\t\t\t\t\t\tZ\u00e1ruka kvality<br \/>\n\t\t\t\t\t<\/h3>\n<p>\n\t\t\t\t\t\tV\u00e4\u010d\u0161ina spolo\u010dnost\u00ed pon\u00fakaj\u00facich tvorbu webu na k\u013e\u00fa\u010d poskytuje z\u00e1ruku na svoju pr\u00e1cu.\t\t\t\t\t<\/p>\n<p>\t\t\t\t<svg aria-hidden=\"true\" viewBox=\"0 0 576 512\" xmlns=\"http:\/\/www.w3.org\/2000\/svg\"><path d=\"M259.3 17.8L194 150.2 47.9 171.5c-26.2 3.8-36.7 36.1-17.7 54.6l105.7 103-25 145.5c-4.5 26.3 23.2 46 46.4 33.7L288 439.6l130.7 68.7c23.2 12.2 50.9-7.4 46.4-33.7l-25-145.5 105.7-103c19-18.5 8.5-50.8-17.7-54.6L382 150.2 316.7 17.8c-11.7-23.6-45.6-23.9-57.4 0z\"><\/path><\/svg>\t\t\t\t<\/p>\n<h3>\n\t\t\t\t\t\t\tNajlep\u0161\u00ed pomer cena\/v\u00fdkon<br \/>\n\t\t\t\t\t<\/h3>\n<p>\n\t\t\t\t\t\tAj ke\u010f sa m\u00f4\u017ee zda\u0165, \u017ee tvorba webu na k\u013e\u00fa\u010d je drah\u0161ia, v kone\u010dnom d\u00f4sledku m\u00f4\u017ee z\u00e1kazn\u00edk u\u0161etri\u0165 \u010das a peniaze, ktor\u00e9 by inak investoval do rie\u0161enia jednotliv\u00fdch probl\u00e9mov.\t\t\t\t\t<\/p>\n<p>[\/et_pb_text][\/et_pb_column]<br \/>\n\t\t\t[\/et_pb_row]<br \/>\n\t\t[\/et_pb_section]<\/p>\n","protected":false},"excerpt":{"rendered":"<p>Web na k\u013e\u00fa\u010d Naprogramujeme V\u00e1m web ako z LegaPotrebujete modern\u00fa a funk\u010dn\u00fa webov\u00fa str\u00e1nku, ale nem\u00e1te \u010das ani znalosti na jej tvorbu? \u017diaden strach! Web na k\u013e\u00fa\u010d je tu pre v\u00e1s! Pon\u00fakame komplexn\u00e9 slu\u017eby v oblasti tvorby webov\u00fdch str\u00e1nok, od n\u00e1vrhu a dizajnu a\u017e po samotn\u00e9 naprogramovanie. Pre\u010do si vybra\u0165 web na k\u013e\u00fa\u010d U\u0161etren\u00fd \u010das [&hellip;]<\/p>\n","protected":false},"author":1,"featured_media":0,"parent":0,"menu_order":0,"comment_status":"closed","ping_status":"closed","template":"","meta":{"_et_pb_use_builder":"on","_et_pb_old_content":"<style>\/*! elementor - v3.23.0 - 23-07-2024 *\/\n.elementor-heading-title{padding:0;margin:0;line-height:1}.elementor-widget-heading .elementor-heading-title[class*=elementor-size-]>a{color:inherit;font-size:inherit;line-height:inherit}.elementor-widget-heading .elementor-heading-title.elementor-size-small{font-size:15px}.elementor-widget-heading .elementor-heading-title.elementor-size-medium{font-size:19px}.elementor-widget-heading .elementor-heading-title.elementor-size-large{font-size:29px}.elementor-widget-heading .elementor-heading-title.elementor-size-xl{font-size:39px}.elementor-widget-heading .elementor-heading-title.elementor-size-xxl{font-size:59px}<\/style><h1>Web na k\u013e\u00fa\u010d<\/h1>\t\t\n\t\t<p>Naprogramujeme V\u00e1m web ako z Lega<\/p><p>Potrebujete modern\u00fa a funk\u010dn\u00fa webov\u00fa str\u00e1nku, ale nem\u00e1te \u010das ani znalosti na jej tvorbu? \u017diaden strach! Web na k\u013e\u00fa\u010d je tu pre v\u00e1s! Pon\u00fakame komplexn\u00e9 slu\u017eby v oblasti tvorby webov\u00fdch str\u00e1nok, od n\u00e1vrhu a dizajnu a\u017e po samotn\u00e9 naprogramovanie.<\/p>\t\t\n\t\t\t<h2>Pre\u010do si vybra\u0165 web na k\u013e\u00fa\u010d<\/h2>\t\t\n\t\t\t<link rel=\"stylesheet\" href=\"https:\/\/webnakluc.inuel.sk\/wp-content\/plugins\/elementor\/assets\/css\/widget-icon-box.min.css\">\t\t\n\t\t\t\t<svg aria-hidden=\"true\" viewBox=\"0 0 576 512\" xmlns=\"http:\/\/www.w3.org\/2000\/svg\"><path d=\"M259.3 17.8L194 150.2 47.9 171.5c-26.2 3.8-36.7 36.1-17.7 54.6l105.7 103-25 145.5c-4.5 26.3 23.2 46 46.4 33.7L288 439.6l130.7 68.7c23.2 12.2 50.9-7.4 46.4-33.7l-25-145.5 105.7-103c19-18.5 8.5-50.8-17.7-54.6L382 150.2 316.7 17.8c-11.7-23.6-45.6-23.9-57.4 0z\"><\/path><\/svg>\t\t\t\t\n\t\t\t\t\t\t\t\t\t<h3>\n\t\t\t\t\t\t\tU\u0161etren\u00fd \u010das\t\t\t\t\t\t\n\t\t\t\t\t<\/h3>\n\t\t\t\t\t\t\t\t\t<p>\n\t\t\t\t\t\tZ\u00e1kazn\u00edk nemus\u00ed str\u00e1ca\u0165 \u010das \u0161t\u00fadiom technick\u00fdch detailov, v\u00fdberom jednotliv\u00fdch komponentov ani programovan\u00edm. V\u0161etko je zjednodu\u0161en\u00e9 na minimum.\t\t\t\t\t<\/p>\n\t\t\t\t<svg aria-hidden=\"true\" viewBox=\"0 0 576 512\" xmlns=\"http:\/\/www.w3.org\/2000\/svg\"><path d=\"M259.3 17.8L194 150.2 47.9 171.5c-26.2 3.8-36.7 36.1-17.7 54.6l105.7 103-25 145.5c-4.5 26.3 23.2 46 46.4 33.7L288 439.6l130.7 68.7c23.2 12.2 50.9-7.4 46.4-33.7l-25-145.5 105.7-103c19-18.5 8.5-50.8-17.7-54.6L382 150.2 316.7 17.8c-11.7-23.6-45.6-23.9-57.4 0z\"><\/path><\/svg>\t\t\t\t\n\t\t\t\t\t\t\t\t\t<h3>\n\t\t\t\t\t\t\tKompletn\u00e9 rie\u0161enie\t\t\t\t\t\t\n\t\t\t\t\t<\/h3>\n\t\t\t\t\t\t\t\t\t<p>\n\t\t\t\t\t\tOd n\u00e1vrhu grafiky a\u017e po samotn\u00e9 spustenie str\u00e1nky \u2013 v\u0161etko je zahrnut\u00e9 v jednej slu\u017ebe. Z\u00e1kazn\u00edk dostane hotov\u00fd produkt, pripraven\u00fd na pou\u017eitie.\t\t\t\t\t<\/p>\n\t\t\t\t<svg aria-hidden=\"true\" viewBox=\"0 0 576 512\" xmlns=\"http:\/\/www.w3.org\/2000\/svg\"><path d=\"M259.3 17.8L194 150.2 47.9 171.5c-26.2 3.8-36.7 36.1-17.7 54.6l105.7 103-25 145.5c-4.5 26.3 23.2 46 46.4 33.7L288 439.6l130.7 68.7c23.2 12.2 50.9-7.4 46.4-33.7l-25-145.5 105.7-103c19-18.5 8.5-50.8-17.7-54.6L382 150.2 316.7 17.8c-11.7-23.6-45.6-23.9-57.4 0z\"><\/path><\/svg>\t\t\t\t\n\t\t\t\t\t\t\t\t\t<h3>\n\t\t\t\t\t\t\tProfesion\u00e1lny v\u00fdsledok\t\t\t\t\t\t\n\t\t\t\t\t<\/h3>\n\t\t\t\t\t\t\t\t\t<p>\n\t\t\t\t\t\tT\u00edm odborn\u00edkov zabezpe\u010d\u00ed, aby str\u00e1nka vyzerala moderne, bola funk\u010dn\u00e1 a optimalizovan\u00e1 pre vyh\u013ead\u00e1va\u010de.\t\t\t\t\t<\/p>\n\t\t\t\t<svg aria-hidden=\"true\" viewBox=\"0 0 576 512\" xmlns=\"http:\/\/www.w3.org\/2000\/svg\"><path d=\"M259.3 17.8L194 150.2 47.9 171.5c-26.2 3.8-36.7 36.1-17.7 54.6l105.7 103-25 145.5c-4.5 26.3 23.2 46 46.4 33.7L288 439.6l130.7 68.7c23.2 12.2 50.9-7.4 46.4-33.7l-25-145.5 105.7-103c19-18.5 8.5-50.8-17.7-54.6L382 150.2 316.7 17.8c-11.7-23.6-45.6-23.9-57.4 0z\"><\/path><\/svg>\t\t\t\t\n\t\t\t\t\t\t\t\t\t<h3>\n\t\t\t\t\t\t\tZn\u00ed\u017eenie rizika\t\t\t\t\t\t\n\t\t\t\t\t<\/h3>\n\t\t\t\t\t\t\t\t\t<p>\n\t\t\t\t\t\tOdpad\u00e1 staros\u0165 o to, \u010di bude str\u00e1nka fungova\u0165 spr\u00e1vne alebo \u010di sp\u013a\u0148a v\u0161etky potrebn\u00e9 technick\u00e9 \u0161tandardy.\t\t\t\t\t<\/p>\n\t\t\t\t<svg aria-hidden=\"true\" viewBox=\"0 0 576 512\" xmlns=\"http:\/\/www.w3.org\/2000\/svg\"><path d=\"M259.3 17.8L194 150.2 47.9 171.5c-26.2 3.8-36.7 36.1-17.7 54.6l105.7 103-25 145.5c-4.5 26.3 23.2 46 46.4 33.7L288 439.6l130.7 68.7c23.2 12.2 50.9-7.4 46.4-33.7l-25-145.5 105.7-103c19-18.5 8.5-50.8-17.7-54.6L382 150.2 316.7 17.8c-11.7-23.6-45.6-23.9-57.4 0z\"><\/path><\/svg>\t\t\t\t\n\t\t\t\t\t\t\t\t\t<h3>\n\t\t\t\t\t\t\tPersonalizovan\u00fd pr\u00edstup\t\t\t\t\t\t\n\t\t\t\t\t<\/h3>\n\t\t\t\t\t\t\t\t\t<p>\n\t\t\t\t\t\tKa\u017ed\u00e1 str\u00e1nka je vytv\u00e1ran\u00e1 na mieru, pod\u013ea konkr\u00e9tnych po\u017eiadaviek z\u00e1kazn\u00edka.\t\t\t\t\t<\/p>\n\t\t\t\t<svg aria-hidden=\"true\" viewBox=\"0 0 576 512\" xmlns=\"http:\/\/www.w3.org\/2000\/svg\"><path d=\"M259.3 17.8L194 150.2 47.9 171.5c-26.2 3.8-36.7 36.1-17.7 54.6l105.7 103-25 145.5c-4.5 26.3 23.2 46 46.4 33.7L288 439.6l130.7 68.7c23.2 12.2 50.9-7.4 46.4-33.7l-25-145.5 105.7-103c19-18.5 8.5-50.8-17.7-54.6L382 150.2 316.7 17.8c-11.7-23.6-45.6-23.9-57.4 0z\"><\/path><\/svg>\t\t\t\t\n\t\t\t\t\t\t\t\t\t<h3>\n\t\t\t\t\t\t\tJednoduch\u00e1 \u00fadr\u017eba\t\t\t\t\t\t\n\t\t\t\t\t<\/h3>\n\t\t\t\t\t\t\t\t\t<p>\n\t\t\t\t\t\tPo spusten\u00ed str\u00e1nky je zabezpe\u010den\u00e1 aj jej n\u00e1sledn\u00e1 \u00fadr\u017eba a aktualiz\u00e1cia.\t\t\t\t\t<\/p>\n\t\t\t\t<svg aria-hidden=\"true\" viewBox=\"0 0 576 512\" xmlns=\"http:\/\/www.w3.org\/2000\/svg\"><path d=\"M259.3 17.8L194 150.2 47.9 171.5c-26.2 3.8-36.7 36.1-17.7 54.6l105.7 103-25 145.5c-4.5 26.3 23.2 46 46.4 33.7L288 439.6l130.7 68.7c23.2 12.2 50.9-7.4 46.4-33.7l-25-145.5 105.7-103c19-18.5 8.5-50.8-17.7-54.6L382 150.2 316.7 17.8c-11.7-23.6-45.6-23.9-57.4 0z\"><\/path><\/svg>\t\t\t\t\n\t\t\t\t\t\t\t\t\t<h3>\n\t\t\t\t\t\t\tZ\u00e1ruka kvality\t\t\t\t\t\t\n\t\t\t\t\t<\/h3>\n\t\t\t\t\t\t\t\t\t<p>\n\t\t\t\t\t\tV\u00e4\u010d\u0161ina spolo\u010dnost\u00ed pon\u00fakaj\u00facich tvorbu webu na k\u013e\u00fa\u010d poskytuje z\u00e1ruku na svoju pr\u00e1cu.\t\t\t\t\t<\/p>\n\t\t\t\t<svg aria-hidden=\"true\" viewBox=\"0 0 576 512\" xmlns=\"http:\/\/www.w3.org\/2000\/svg\"><path d=\"M259.3 17.8L194 150.2 47.9 171.5c-26.2 3.8-36.7 36.1-17.7 54.6l105.7 103-25 145.5c-4.5 26.3 23.2 46 46.4 33.7L288 439.6l130.7 68.7c23.2 12.2 50.9-7.4 46.4-33.7l-25-145.5 105.7-103c19-18.5 8.5-50.8-17.7-54.6L382 150.2 316.7 17.8c-11.7-23.6-45.6-23.9-57.4 0z\"><\/path><\/svg>\t\t\t\t\n\t\t\t\t\t\t\t\t\t<h3>\n\t\t\t\t\t\t\tNajlep\u0161\u00ed pomer cena\/v\u00fdkon\t\t\t\t\t\t\n\t\t\t\t\t<\/h3>\n\t\t\t\t\t\t\t\t\t<p>\n\t\t\t\t\t\tAj ke\u010f sa m\u00f4\u017ee zda\u0165, \u017ee tvorba webu na k\u013e\u00fa\u010d je drah\u0161ia, v kone\u010dnom d\u00f4sledku m\u00f4\u017ee z\u00e1kazn\u00edk u\u0161etri\u0165 \u010das a peniaze, ktor\u00e9 by inak investoval do rie\u0161enia jednotliv\u00fdch probl\u00e9mov.\t\t\t\t\t<\/p>","_et_gb_content_width":"","footnotes":""},"class_list":["post-111","page","type-page","status-publish","hentry"],"_links":{"self":[{"href":"https:\/\/webnakluc.inuel.sk\/index.php\/wp-json\/wp\/v2\/pages\/111","targetHints":{"allow":["GET"]}}],"collection":[{"href":"https:\/\/webnakluc.inuel.sk\/index.php\/wp-json\/wp\/v2\/pages"}],"about":[{"href":"https:\/\/webnakluc.inuel.sk\/index.php\/wp-json\/wp\/v2\/types\/page"}],"author":[{"embeddable":true,"href":"https:\/\/webnakluc.inuel.sk\/index.php\/wp-json\/wp\/v2\/users\/1"}],"replies":[{"embeddable":true,"href":"https:\/\/webnakluc.inuel.sk\/index.php\/wp-json\/wp\/v2\/comments?post=111"}],"version-history":[{"count":5,"href":"https:\/\/webnakluc.inuel.sk\/index.php\/wp-json\/wp\/v2\/pages\/111\/revisions"}],"predecessor-version":[{"id":145,"href":"https:\/\/webnakluc.inuel.sk\/index.php\/wp-json\/wp\/v2\/pages\/111\/revisions\/145"}],"wp:attachment":[{"href":"https:\/\/webnakluc.inuel.sk\/index.php\/wp-json\/wp\/v2\/media?parent=111"}],"curies":[{"name":"wp","href":"https:\/\/api.w.org\/{rel}","templated":true}]}}